{"id":124,"date":"2016-12-23T18:13:46","date_gmt":"2016-12-23T17:13:46","guid":{"rendered":"http:\/\/www.bauernhof-joerg.de\/cms\/?page_id=124"},"modified":"2017-01-22T12:16:51","modified_gmt":"2017-01-22T11:16:51","slug":"anfahrt","status":"publish","type":"page","link":"https:\/\/www.bauernhof-joerg.de\/cms\/?page_id=124","title":{"rendered":"Anfahrt"},"content":{"rendered":"<div id=\"Ebene3\">\n<table border=\"0\" width=\"614\">\n<tbody>\n<tr>\n<td bgcolor=\"#ffffff\">\n<iframe loading=\"lazy\" style=\"border: 0;\" src=\"https:\/\/www.google.com\/maps\/embed?pb=!1m18!1m12!1m3!1d9850.73135161582!2d10.142887139710126!3d47.673483369420296!2m3!1f0!2f0!3f0!3m2!1i1024!2i768!4f13.1!3m3!1m2!1s0x479b810ab614f8e7%3A0x6c974f750d15b216!2sAltach+2%2C+87480+Weitnau!5e1!3m2!1sde!2sde!4v1483356510388\" width=\"800\" height=\"600\" frameborder=\"0\" allowfullscreen=\"allowfullscreen\"><\/iframe><span class=\"blau11\"><span class=\"blau11\"><span class=\"schwarz12\"><b>Wegbeschreibung:<br \/>\n<\/b>Mit dem PKW \u00fcber die Autobahn A7 nach Kempten, erreichen Sie bald die<br \/>\nAnschlu\u00dfstelle &#8222;Allg\u00e4u-Dreieck&#8220;, die Sie in Richtung Lindau (am Bodensee) weiterf\u00fchrt.<br \/>\nFolgen Sie dieser Autobahn (A98) bis zur Ausfahrt &#8222;Hellengerst&#8220;.<\/span><\/span><\/span>Nach dieser Ausfahrt sto\u00dfen Sie an eine Kreuzung, die Sie links weiter in Richtung Buchenberg f\u00fchrt. An der n\u00e4chsten Gabelung halten Sie sich rechts und fahren bergab bist zur n\u00e4chsten Gabelung. Dort angekommen biegen Sie links ab in Richtung Wengen. Die Stra\u00dfe f\u00fchrt Sie nach ein paar Kilometern direkt nach Wengen.\u00a0<b>Im Dorf Wengen<\/b>\u00a0finden Sie am rechten Stra\u00dfenrand\u00a0einen Wegweiser, der Sie nach links zu uns f\u00fchrt.<br \/>\nVom Dorf bis zu uns, haben Sie nur noch ca. einem Kilometer zu fahren.<br \/>\n<b>Sie haben Ihr Urlaubsziel erreicht!<\/b><\/td>\n<\/tr>\n<tr>\n<td bgcolor=\"#ffffff\">\n<div align=\"center\">\n<table border=\"0\" width=\"100%\" cellspacing=\"0\" cellpadding=\"5\">\n<tbody>\n<tr>\n<td align=\"center\" valign=\"top\"><span class=\"blau11\"><span class=\"blau11\"><span class=\"schwarz12\"><br \/>\n<\/span><\/span><\/span><\/p>\n<figure id=\"attachment_12\" aria-describedby=\"caption-attachment-12\" style=\"width: 583px\" class=\"wp-caption alignleft\"><img loading=\"lazy\" decoding=\"async\" class=\"wp-image-12 size-full\" src=\"http:\/\/www.bauernhof-joerg.de\/cms\/wp-content\/uploads\/2016\/12\/anfahrt.gif\" alt=\"Anfahrt\" width=\"583\" height=\"400\" \/><figcaption id=\"caption-attachment-12\" class=\"wp-caption-text\">Anfahrt Skizze<\/figcaption><\/figure>\n<p><span class=\"blau11\"><span class=\"schwarz12\"><br \/>\n<\/span><\/span><\/td>\n<\/tr>\n<tr>\n<td align=\"center\" valign=\"top\">\n<p align=\"left\"><span class=\"blau11\"><span class=\"schwarz12\">Falls Sie mit der Bahn nach Kempten anreisen, bringt Sie die Buslinie 50 weiter nach Wengen.<br \/>\nBitte beachten Sie hierzu die entsprechenden Fahrpl\u00e4ne, -zeiten und -aush\u00e4nge am Kemptener Hauptbahnhof.<br \/>\nFalls notwendig, holen wir Sie nat\u00fcrlich gern im Dorf Wengen ab.<\/span><br \/>\n<\/span><\/p>\n<\/td>\n<\/tr>\n<\/tbody>\n<\/table>\n<\/div>\n<\/td>\n<\/tr>\n<\/tbody>\n<\/table>\n<\/div>\n","protected":false},"excerpt":{"rendered":"<p>Wegbeschreibung: Mit dem PKW \u00fcber die Autobahn A7 nach Kempten, erreichen Sie bald die Anschlu\u00dfstelle &#8222;Allg\u00e4u-Dreieck&#8220;, die Sie in Richtung Lindau (am Bodensee) weiterf\u00fchrt. Folgen Sie dieser Autobahn (A98) bis zur Ausfahrt &#8222;Hellengerst&#8220;.Nach dieser Ausfahrt sto\u00dfen Sie an eine Kreuzung, die Sie links weiter in Richtung Buchenberg f\u00fchrt. An der n\u00e4chsten Gabelung halten Sie sich &hellip; <a href=\"https:\/\/www.bauernhof-joerg.de\/cms\/?page_id=124\" class=\"more-link\"><span class=\"screen-reader-text\">\u201eAnfahrt\u201c <\/span>weiterlesen<\/a><\/p>\n","protected":false},"author":1,"featured_media":0,"parent":0,"menu_order":0,"comment_status":"closed","ping_status":"closed","template":"","meta":{"footnotes":""},"class_list":["post-124","page","type-page","status-publish","hentry"],"_links":{"self":[{"href":"https:\/\/www.bauernhof-joerg.de\/cms\/index.php?rest_route=\/wp\/v2\/pages\/124","targetHints":{"allow":["GET"]}}],"collection":[{"href":"https:\/\/www.bauernhof-joerg.de\/cms\/index.php?rest_route=\/wp\/v2\/pages"}],"about":[{"href":"https:\/\/www.bauernhof-joerg.de\/cms\/index.php?rest_route=\/wp\/v2\/types\/page"}],"author":[{"embeddable":true,"href":"https:\/\/www.bauernhof-joerg.de\/cms\/index.php?rest_route=\/wp\/v2\/users\/1"}],"replies":[{"embeddable":true,"href":"https:\/\/www.bauernhof-joerg.de\/cms\/index.php?rest_route=%2Fwp%2Fv2%2Fcomments&post=124"}],"version-history":[{"count":8,"href":"https:\/\/www.bauernhof-joerg.de\/cms\/index.php?rest_route=\/wp\/v2\/pages\/124\/revisions"}],"predecessor-version":[{"id":301,"href":"https:\/\/www.bauernhof-joerg.de\/cms\/index.php?rest_route=\/wp\/v2\/pages\/124\/revisions\/301"}],"wp:attachment":[{"href":"https:\/\/www.bauernhof-joerg.de\/cms\/index.php?rest_route=%2Fwp%2Fv2%2Fmedia&parent=124"}],"curies":[{"name":"wp","href":"https:\/\/api.w.org\/{rel}","templated":true}]}}